{"id":10,"date":"2014-11-30T11:47:44","date_gmt":"2014-11-30T11:47:44","guid":{"rendered":"http:\/\/vrkadernictvi.cz\/?page_id=10"},"modified":"2015-07-12T11:57:44","modified_gmt":"2015-07-12T11:57:44","slug":"galerie","status":"publish","type":"page","link":"http:\/\/vrkadernictvi.cz\/?page_id=10","title":{"rendered":"Galerie"},"content":{"rendered":"<p>Klikn\u011bte na obr\u00e1zek pro otev\u0159en\u00ed galerie.<\/p>\n<span class=\"wp-easy-gallery\"><a onclick=\"var images=['http:\/\/vrkadernictvi.cz\/wp-content\/uploads\/2014\/11\/DSC3846-Edit3.jpg', 'http:\/\/vrkadernictvi.cz\/wp-content\/uploads\/2014\/11\/DSC3853-Edit-Edit4.jpg', 'http:\/\/vrkadernictvi.cz\/wp-content\/uploads\/2014\/11\/DSC3856-Edit3.jpg', 'http:\/\/vrkadernictvi.cz\/wp-content\/uploads\/2014\/11\/DSC3863-Edit3.jpg', 'http:\/\/vrkadernictvi.cz\/wp-content\/uploads\/2016\/05\/IMG_20160511_135709.jpg']; var titles=['', '', '', '', '']; var descriptions=['', '', '', '', '']; jQuery.prettyPhoto.open(images,titles,descriptions);\" title=\"Interi\u00e9r\" style=\"cursor: pointer;\"><img decoding=\"async\" class=\"dShadow trans\" src=\"http:\/\/vrkadernictvi.cz\/wp-content\/uploads\/2014\/11\/DSC3853-Edit-Edit5-150x150.jpg\"   border=\"0\" alt=\"Interi\u00e9r\" \/><span class=\"wpeg-gallery-name left\">Interi\u00e9r<\/span><\/a><\/span>\n<span class=\"wp-easy-gallery\"><a onclick=\"var images=['http:\/\/vrkadernictvi.cz\/wp-content\/uploads\/2014\/12\/1491380_717031151716407_2337491743598186618_o1.jpg', 'http:\/\/vrkadernictvi.cz\/wp-content\/uploads\/2014\/12\/1799172_717031145049741_8864886349903084721_o1.jpg', 'http:\/\/vrkadernictvi.cz\/wp-content\/uploads\/2014\/12\/10557141_717031155049740_3108042182475982615_o.jpg', 'http:\/\/vrkadernictvi.cz\/wp-content\/uploads\/2014\/12\/10714565_717032881716234_4507512825266684185_o1.jpg']; var titles=['', '', '', '']; var descriptions=['', '', '', '']; jQuery.prettyPhoto.open(images,titles,descriptions);\" title=\"Poukazy\" style=\"cursor: pointer;\"><img decoding=\"async\" class=\"dShadow trans\" src=\"http:\/\/vrkadernictvi.cz\/wp-content\/uploads\/2014\/12\/10714565_717032881716234_4507512825266684185_o-150x150.jpg\"   border=\"0\" alt=\"Poukazy\" \/><span class=\"wpeg-gallery-name left\">Poukazy<\/span><\/a><\/span>\n<span class=\"wp-easy-gallery\"><a onclick=\"var images=['http:\/\/vrkadernictvi.cz\/wp-content\/uploads\/2015\/01\/20141223_164202.jpg', 'http:\/\/vrkadernictvi.cz\/wp-content\/uploads\/2015\/01\/20141223_164110.jpg', 'http:\/\/vrkadernictvi.cz\/wp-content\/uploads\/2015\/08\/20150423_194115.jpg', 'http:\/\/vrkadernictvi.cz\/wp-content\/uploads\/2015\/08\/20150423_194046.jpg', 'http:\/\/vrkadernictvi.cz\/wp-content\/uploads\/2015\/08\/20150423_194039.jpg']; var titles=['', '', '', '', '']; var descriptions=['', '', '', '', '']; jQuery.prettyPhoto.open(images,titles,descriptions);\" title=\"Uk\u00e1zky\" style=\"cursor: pointer;\"><img decoding=\"async\" class=\"dShadow trans\" src=\"http:\/\/vrkadernictvi.cz\/wp-content\/uploads\/2015\/01\/20141223_164202-150x150.jpg\"   border=\"0\" alt=\"Uk\u00e1zky\" \/><span class=\"wpeg-gallery-name left\">Uk\u00e1zky<\/span><\/a><\/span>\n<span class=\"wp-easy-gallery\"><a onclick=\"var images=['http:\/\/vrkadernictvi.cz\/wp-content\/uploads\/2015\/07\/DSC_0136.jpg', 'http:\/\/vrkadernictvi.cz\/wp-content\/uploads\/2015\/07\/DSC_0145.jpg', 'http:\/\/vrkadernictvi.cz\/wp-content\/uploads\/2015\/07\/DSC_0146.jpg']; var titles=['', '', '']; var descriptions=['', '', '']; jQuery.prettyPhoto.open(images,titles,descriptions);\" title=\"Prom\u011bny\" style=\"cursor: pointer;\"><img decoding=\"async\" class=\"dShadow trans\" src=\"http:\/\/vrkadernictvi.cz\/wp-content\/uploads\/2015\/07\/DSC_0145-150x150.jpg\"   border=\"0\" alt=\"Prom\u011bny\" \/><span class=\"wpeg-gallery-name left\">Prom\u011bny<\/span><\/a><\/span>\n","protected":false},"excerpt":{"rendered":"<p>Klikn\u011bte na obr\u00e1zek pro otev\u0159en\u00ed galerie.<\/p>\n","protected":false},"author":1,"featured_media":0,"parent":0,"menu_order":0,"comment_status":"closed","ping_status":"closed","template":"","meta":{"footnotes":""},"class_list":["post-10","page","type-page","status-publish","hentry"],"_links":{"self":[{"href":"http:\/\/vrkadernictvi.cz\/index.php?rest_route=\/wp\/v2\/pages\/10","targetHints":{"allow":["GET"]}}],"collection":[{"href":"http:\/\/vrkadernictvi.cz\/index.php?rest_route=\/wp\/v2\/pages"}],"about":[{"href":"http:\/\/vrkadernictvi.cz\/index.php?rest_route=\/wp\/v2\/types\/page"}],"author":[{"embeddable":true,"href":"http:\/\/vrkadernictvi.cz\/index.php?rest_route=\/wp\/v2\/users\/1"}],"replies":[{"embeddable":true,"href":"http:\/\/vrkadernictvi.cz\/index.php?rest_route=%2Fwp%2Fv2%2Fcomments&post=10"}],"version-history":[{"count":10,"href":"http:\/\/vrkadernictvi.cz\/index.php?rest_route=\/wp\/v2\/pages\/10\/revisions"}],"predecessor-version":[{"id":188,"href":"http:\/\/vrkadernictvi.cz\/index.php?rest_route=\/wp\/v2\/pages\/10\/revisions\/188"}],"wp:attachment":[{"href":"http:\/\/vrkadernictvi.cz\/index.php?rest_route=%2Fwp%2Fv2%2Fmedia&parent=10"}],"curies":[{"name":"wp","href":"https:\/\/api.w.org\/{rel}","templated":true}]}}